{"id":969,"date":"2025-07-06T14:42:09","date_gmt":"2025-07-06T14:42:09","guid":{"rendered":"https:\/\/dekabe.pl\/?page_id=969"},"modified":"2025-07-06T16:56:11","modified_gmt":"2025-07-06T16:56:11","slug":"o-nas","status":"publish","type":"page","link":"https:\/\/dekabe.pl\/index.php\/o-nas\/","title":{"rendered":"O nas"},"content":{"rendered":"<p><strong>Stowarzyszenie DeKaBe to grupa ludzi z pasj\u0105, kt\u00f3rzy wierz\u0105, \u017ce kultura realnie wp\u0142ywa na jako\u015b\u0107 \u017cycia i relacje mi\u0119dzyludzkie.<\/strong><\/p>\n<p>Organizujemy wydarzenia artystyczne i edukacyjne dla dzieci, doros\u0142ych i senior\u00f3w. Wspieramy lokalne inicjatywy, rozwijamy kreatywno\u015b\u0107, budujemy wsp\u00f3lnot\u0119 i promujemy zdrowy styl \u017cycia.<br \/>\nDzia\u0142amy spo\u0142ecznie, \u0142\u0105czymy pokolenia, s\u0142uchamy ludzi i dajemy im przestrze\u0144 do dzia\u0142ania \u2014 od pomys\u0142u po realizacj\u0119.<\/p>\n<p>Wsp\u00f3\u0142pracujemy z instytucjami kultury, szko\u0142ami, organizacjami pozarz\u0105dowymi i samorz\u0105dem \u2014 w Rybniku i ca\u0142ym regionie. Tworzymy partnerstwa oparte na zaufaniu, wsp\u00f3lnych warto\u015bciach i zaanga\u017cowaniu w sprawy lokalne.<\/p>\n","protected":false},"excerpt":{"rendered":"<p>Stowarzyszenie DeKaBe to grupa ludzi z pasj\u0105, kt\u00f3rzy wierz\u0105, \u017ce kultura realnie wp\u0142ywa na jako\u015b\u0107 \u017cycia i relacje mi\u0119dzyludzkie. Organizujemy wydarzenia artystyczne i edukacyjne dla dzieci, doros\u0142ych i senior\u00f3w. Wspieramy lokalne inicjatywy, rozwijamy kreatywno\u015b\u0107, budujemy wsp\u00f3lnot\u0119 i promujemy zdrowy styl \u017cycia. Dzia\u0142amy spo\u0142ecznie, \u0142\u0105czymy pokolenia, s\u0142uchamy ludzi i dajemy im przestrze\u0144 do dzia\u0142ania \u2014 od pomys\u0142u po realizacj\u0119. Wsp\u00f3\u0142pracujemy z [&hellip;]<\/p>\n","protected":false},"author":1,"featured_media":0,"parent":0,"menu_order":0,"comment_status":"closed","ping_status":"closed","template":"","meta":{"footnotes":""},"class_list":["post-969","page","type-page","status-publish","hentry"],"_links":{"self":[{"href":"https:\/\/dekabe.pl\/index.php\/wp-json\/wp\/v2\/pages\/969","targetHints":{"allow":["GET"]}}],"collection":[{"href":"https:\/\/dekabe.pl\/index.php\/wp-json\/wp\/v2\/pages"}],"about":[{"href":"https:\/\/dekabe.pl\/index.php\/wp-json\/wp\/v2\/types\/page"}],"author":[{"embeddable":true,"href":"https:\/\/dekabe.pl\/index.php\/wp-json\/wp\/v2\/users\/1"}],"replies":[{"embeddable":true,"href":"https:\/\/dekabe.pl\/index.php\/wp-json\/wp\/v2\/comments?post=969"}],"version-history":[{"count":2,"href":"https:\/\/dekabe.pl\/index.php\/wp-json\/wp\/v2\/pages\/969\/revisions"}],"predecessor-version":[{"id":1006,"href":"https:\/\/dekabe.pl\/index.php\/wp-json\/wp\/v2\/pages\/969\/revisions\/1006"}],"wp:attachment":[{"href":"https:\/\/dekabe.pl\/index.php\/wp-json\/wp\/v2\/media?parent=969"}],"curies":[{"name":"wp","href":"https:\/\/api.w.org\/{rel}","templated":true}]}}