{"id":855,"date":"2023-11-19T09:36:32","date_gmt":"2023-11-19T09:36:32","guid":{"rendered":"https:\/\/dekabe.pl\/?page_id=855"},"modified":"2025-07-05T17:52:10","modified_gmt":"2025-07-05T17:52:10","slug":"kontakt","status":"publish","type":"page","link":"https:\/\/dekabe.pl\/index.php\/kontakt\/","title":{"rendered":"Kontakt"},"content":{"rendered":"\n<div class=\"wp-block-columns is-layout-flex wp-container-core-columns-is-layout-9d6595d7 wp-block-columns-is-layout-flex\">\n<div class=\"wp-block-column is-layout-flow wp-block-column-is-layout-flow\">\n<p><strong>Stowarzyszenie DeKaBe<\/strong><br \/>Plac Pokoju 1<br \/>44-253 Rybnik-Boguszowice<br \/>NIP 6423247277 , REGON 526210090<\/p>\n<p>Osoba kontaktowa:<br \/><strong>Dorota Zygmunt<\/strong><br \/><em>Przedstawicielka Reprezentuj\u0105ca <br \/>Stowarzyszenie DeKaBe<\/em><\/p>\n<ul>\n<li>e-mail: stowarzyszenie(at)dekabe.pl<\/li>\n<li>tel. 32 4252016 wew. 49<hr \/><\/li>\n<\/ul>\n<p>Organ rejestrowy: <br \/><strong>PREZYDENT MIASTA RYBNIK<\/strong><br \/>Rodzaj rejestru lub ewidencji:<br \/><strong>EWIDENCJA STOWARZYSZE\u0143 ZWYK\u0141YCH 46\/2023<\/strong><\/p>\n<p>\u00a0<\/p>\n<\/div>\n\n\n\n<div class=\"wp-block-column is-layout-flow wp-block-column-is-layout-flow\">\n<iframe src=\"https:\/\/www.google.com\/maps\/embed?pb=!1m14!1m8!1m3!1d5124.3366510896185!2d18.605160000000005!3d50.045678!3m2!1i1024!2i768!4f13.1!3m3!1m2!1s0x47114dc855555555%3A0x686db4ff5ead25c1!2sDom%20Kultury%20Boguszowice!5e0!3m2!1spl!2spl!4v1751731445352!5m2!1spl!2spl\" width=\"600\" height=\"450\" style=\"border:0;\" allowfullscreen=\"\" loading=\"lazy\" referrerpolicy=\"no-referrer-when-downgrade\"><\/iframe>\n<\/div>\n<\/div>\n\n\n<p style=\"text-align: left;\"><strong>Nasze dzia\u0142ania finansujemy dzi\u0119ki dotacjom, sk\u0142adkom cz\u0142onkowskim i darowiznom.<\/strong><br \/>Ka\u017cda wp\u0142ata to dla nas sygna\u0142, \u017ce to, co robimy, ma sens \u2013 i \u017ce warto dzia\u0142a\u0107 dalej.<\/p>\n<ul style=\"text-align: left;\">\n<li><strong>\ud83d\udc9b <span style=\"color: #ffcc00;\">Chcesz dorzuci\u0107 swoj\u0105 cegie\u0142k\u0119?\u00a0<\/span><br \/><\/strong><em>Dane do darowizn: <br \/><\/em><em>Stowarzyszenie DeKaBe<\/em><br \/><em><strong>Nest Bank: 44 2530 0008 2007 1078 6054 0001<\/strong><\/em><br \/><em>Tytu\u0142 przelewu: Darowizna na cele statutowe<\/em><\/li>\n<\/ul>\n<p style=\"text-align: left;\"><strong><span style=\"color: #ffcc00;\">Dzi\u0119kujemy za ka\u017cde wsparcie \u2013 i to ma\u0142e, i to wi\u0119ksze.<\/span> <\/strong>\ud83d\udc9b<\/p>\n\n<div class=\"wp-block-image\">\n<figure class=\"alignleft size-full\"><img loading=\"lazy\" decoding=\"async\" width=\"77\" height=\"135\" src=\"http:\/\/dekabe.pl\/wp-content\/uploads\/2023\/11\/Logo_DeKaBe_male.png\" alt=\"Stowarzyszenie DeKaBe\" class=\"wp-image-874\"\/><\/figure>\n<\/div>","protected":false},"excerpt":{"rendered":"<p>Stowarzyszenie DeKaBePlac Pokoju 144-253 Rybnik-BoguszowiceNIP 6423247277 , REGON 526210090 Osoba kontaktowa:Dorota ZygmuntPrzedstawicielka Reprezentuj\u0105ca Stowarzyszenie DeKaBe e-mail: stowarzyszenie(at)dekabe.pl tel. 32 4252016 wew. 49 Organ rejestrowy: PREZYDENT MIASTA RYBNIKRodzaj rejestru lub ewidencji:EWIDENCJA STOWARZYSZE\u0143 ZWYK\u0141YCH 46\/2023 \u00a0 Nasze dzia\u0142ania finansujemy dzi\u0119ki dotacjom, sk\u0142adkom cz\u0142onkowskim i darowiznom.Ka\u017cda wp\u0142ata to dla nas sygna\u0142, \u017ce to, co robimy, ma sens \u2013 i \u017ce warto dzia\u0142a\u0107 dalej. [&hellip;]<\/p>\n","protected":false},"author":1,"featured_media":0,"parent":0,"menu_order":0,"comment_status":"closed","ping_status":"closed","template":"","meta":{"footnotes":""},"class_list":["post-855","page","type-page","status-publish","hentry"],"_links":{"self":[{"href":"https:\/\/dekabe.pl\/index.php\/wp-json\/wp\/v2\/pages\/855","targetHints":{"allow":["GET"]}}],"collection":[{"href":"https:\/\/dekabe.pl\/index.php\/wp-json\/wp\/v2\/pages"}],"about":[{"href":"https:\/\/dekabe.pl\/index.php\/wp-json\/wp\/v2\/types\/page"}],"author":[{"embeddable":true,"href":"https:\/\/dekabe.pl\/index.php\/wp-json\/wp\/v2\/users\/1"}],"replies":[{"embeddable":true,"href":"https:\/\/dekabe.pl\/index.php\/wp-json\/wp\/v2\/comments?post=855"}],"version-history":[{"count":34,"href":"https:\/\/dekabe.pl\/index.php\/wp-json\/wp\/v2\/pages\/855\/revisions"}],"predecessor-version":[{"id":963,"href":"https:\/\/dekabe.pl\/index.php\/wp-json\/wp\/v2\/pages\/855\/revisions\/963"}],"wp:attachment":[{"href":"https:\/\/dekabe.pl\/index.php\/wp-json\/wp\/v2\/media?parent=855"}],"curies":[{"name":"wp","href":"https:\/\/api.w.org\/{rel}","templated":true}]}}