{"id":848,"date":"2023-11-19T09:32:37","date_gmt":"2023-11-19T09:32:37","guid":{"rendered":"https:\/\/dekabe.pl\/?page_id=848"},"modified":"2025-08-03T13:55:44","modified_gmt":"2025-08-03T13:55:44","slug":"partnerzy","status":"publish","type":"page","link":"https:\/\/dekabe.pl\/index.php\/partnerzy\/","title":{"rendered":"Dream Team"},"content":{"rendered":"<p>Za ka\u017cd\u0105 nasz\u0105 inicjatyw\u0105 stoj\u0105 osoby i instytucje, kt\u00f3re wierz\u0105 w moc kultury.<br \/>Maj\u0105 g\u0142owy pe\u0142ne pomys\u0142\u00f3w, r\u0119ce gotowe do pracy i serce do tego, co robimy.<br \/>Wspieraj\u0105, inspiruj\u0105, ogarniaj\u0105 \u201eczarn\u0105 robot\u0119\u201d i zawsze wiedz\u0105, co trzeba zrobi\u0107.<br \/>Bez nich? Ani rusz.<\/p>\n<p><span style=\"color: #ffcc00;\"><strong>Dzi\u0119kujemy, \u017ce jeste\u015bcie z nami!<\/strong><\/span> \ud83d\udc9b<\/p>\n\n\n<div class=\"wp-block-media-text is-stacked-on-mobile\" style=\"grid-template-columns:35% auto\"><figure class=\"wp-block-media-text__media\"><a href=\"https:\/\/dkboguszowice.pl\/\" target=\"_blank\" rel=\" noreferrer noopener\"><img loading=\"lazy\" decoding=\"async\" width=\"500\" height=\"500\" src=\"https:\/\/dekabe.pl\/wp-content\/uploads\/2025\/08\/DK_bogu1-1.jpg\" alt=\"\" class=\"wp-image-1101 size-full\" srcset=\"https:\/\/dekabe.pl\/wp-content\/uploads\/2025\/08\/DK_bogu1-1.jpg 500w, https:\/\/dekabe.pl\/wp-content\/uploads\/2025\/08\/DK_bogu1-1-300x300.jpg 300w, https:\/\/dekabe.pl\/wp-content\/uploads\/2025\/08\/DK_bogu1-1-150x150.jpg 150w\" sizes=\"auto, (max-width: 500px) 100vw, 500px\" \/><\/a><\/figure><div class=\"wp-block-media-text__content\">\n<p>Nasz sta\u0142y, niezawodny partner, przestrze\u0144 pe\u0142na pasji, otwarto\u015bci i kreatywno\u015b\u0107. Dzi\u0119ki #DKBoguszowice nasze dzia\u0142ania maj\u0105 sw\u00f3j dom.<\/p>\n<\/div><\/div>\n\n\n\n<div class=\"wp-block-media-text is-stacked-on-mobile\" style=\"grid-template-columns:35% auto\"><figure class=\"wp-block-media-text__media\"><a href=\"https:\/\/rybnik.eu\" target=\"_blank\" rel=\" noreferrer noopener\"><img loading=\"lazy\" decoding=\"async\" width=\"1000\" height=\"500\" src=\"http:\/\/dekabe.pl\/wp-content\/uploads\/2025\/08\/miasto.jpg\" alt=\"\" class=\"wp-image-1082 size-full\" srcset=\"https:\/\/dekabe.pl\/wp-content\/uploads\/2025\/08\/miasto.jpg 1000w, https:\/\/dekabe.pl\/wp-content\/uploads\/2025\/08\/miasto-300x150.jpg 300w, https:\/\/dekabe.pl\/wp-content\/uploads\/2025\/08\/miasto-768x384.jpg 768w\" sizes=\"auto, (max-width: 1000px) 100vw, 1000px\" \/><\/a><\/figure><div class=\"wp-block-media-text__content\">\n<p>Dzi\u0119ki wsparciu Miasta Rybnik kultura naprawd\u0119 wysz\u0142a na ulice \u2013 i trawniki! \u201eFilmowe wieczory pod gwiazdami\u201d to nasz pierwszy projekt z miejskim dofinansowaniem \u2013 i od razu taki, kt\u00f3ry \u0142\u0105czy ludzi, daje frajd\u0119 i puszcza w ruch dobr\u0105 energi\u0119. Dzi\u0119kujemy za zaufanie i wsp\u00f3lne kino pod chmurk\u0105!<\/p>\n<\/div><\/div>\n\n\n\n<div class=\"wp-block-media-text is-stacked-on-mobile\" style=\"grid-template-columns:35% auto\"><figure class=\"wp-block-media-text__media\"><a href=\"https:\/\/watersolution.pl\/\" target=\"_blank\" rel=\" noreferrer noopener\"><img loading=\"lazy\" decoding=\"async\" width=\"1000\" height=\"500\" src=\"http:\/\/dekabe.pl\/wp-content\/uploads\/2025\/08\/water.jpg\" alt=\"\" class=\"wp-image-1078 size-full\" srcset=\"https:\/\/dekabe.pl\/wp-content\/uploads\/2025\/08\/water.jpg 1000w, https:\/\/dekabe.pl\/wp-content\/uploads\/2025\/08\/water-300x150.jpg 300w, https:\/\/dekabe.pl\/wp-content\/uploads\/2025\/08\/water-768x384.jpg 768w\" sizes=\"auto, (max-width: 1000px) 100vw, 1000px\" \/><\/a><\/figure><div class=\"wp-block-media-text__content\">\n<p>Bezbutlowe dystrybutory wody &#8211; specjali\u015bci od czystej kran\u00f3wki i partner, kt\u00f3ry wie, jak doda\u0107 \u015bwie\u017co\u015bci ka\u017cdej inicjatywie. Dzi\u0119ki ich wsparciu nasze dzia\u0142ania naprawd\u0119 p\u0142yn\u0105 \u2013 szerokim, inspiruj\u0105cym nurtem.<\/p>\n<\/div><\/div>\n\n\n\n<div class=\"wp-block-media-text is-stacked-on-mobile\" style=\"grid-template-columns:35% auto\"><figure class=\"wp-block-media-text__media\"><a href=\"https:\/\/www.facebook.com\/DPBoguszowice\" target=\"_blank\" rel=\" noreferrer noopener\"><img loading=\"lazy\" decoding=\"async\" width=\"500\" height=\"500\" src=\"https:\/\/dekabe.pl\/wp-content\/uploads\/2025\/08\/DP-1.jpg\" alt=\"\" class=\"wp-image-1099 size-full\" srcset=\"https:\/\/dekabe.pl\/wp-content\/uploads\/2025\/08\/DP-1.jpg 500w, https:\/\/dekabe.pl\/wp-content\/uploads\/2025\/08\/DP-1-300x300.jpg 300w, https:\/\/dekabe.pl\/wp-content\/uploads\/2025\/08\/DP-1-150x150.jpg 150w\" sizes=\"auto, (max-width: 500px) 100vw, 500px\" \/><\/a><\/figure><div class=\"wp-block-media-text__content\">\n<p>To nie tylko drogeria w Boguszowicach, ale prawdziwe s\u0105siedztwo z dusz\u0105 \u2013 miejsce, gdzie mo\u017cna znale\u017a\u0107 wszystko, co potrzebne do domu. Cieszymy si\u0119, \u017ce Drogerie Polskie wspieraj\u0105 nas i naszych widz\u00f3w w tworzeniu klimatu z prawdziwego zdarzenia.<\/p>\n<\/div><\/div>\n\n\n\n<div class=\"wp-block-media-text is-stacked-on-mobile\" style=\"grid-template-columns:35% auto\"><figure class=\"wp-block-media-text__media\"><a href=\"https:\/\/www.papryczkawbogu.pl\/\" target=\"_blank\" rel=\" noreferrer noopener\"><img loading=\"lazy\" decoding=\"async\" width=\"1000\" height=\"500\" src=\"http:\/\/dekabe.pl\/wp-content\/uploads\/2025\/08\/papryczka.jpg\" alt=\"\" class=\"wp-image-1083 size-full\" srcset=\"https:\/\/dekabe.pl\/wp-content\/uploads\/2025\/08\/papryczka.jpg 1000w, https:\/\/dekabe.pl\/wp-content\/uploads\/2025\/08\/papryczka-300x150.jpg 300w, https:\/\/dekabe.pl\/wp-content\/uploads\/2025\/08\/papryczka-768x384.jpg 768w\" sizes=\"auto, (max-width: 1000px) 100vw, 1000px\" \/><\/a><\/figure><div class=\"wp-block-media-text__content\">\n<p>Prawdziwa lokalna energia i smak, kt\u00f3ry zostaje na d\u0142ugo. Pizzeria Papryczka w Bogu wspiera nasze seanse z apetytem na wsp\u00f3lne prze\u017cywanie kultury.<\/p>\n<\/div><\/div>\n\n\n\n<div class=\"wp-block-media-text is-stacked-on-mobile\" style=\"grid-template-columns:35% auto\"><figure class=\"wp-block-media-text__media\"><a href=\"https:\/\/www.facebook.com\/offConceptStudioMebli\" target=\"_blank\" rel=\" noreferrer noopener\"><img loading=\"lazy\" decoding=\"async\" width=\"500\" height=\"500\" src=\"https:\/\/dekabe.pl\/wp-content\/uploads\/2025\/08\/off1.jpg\" alt=\"\" class=\"wp-image-1121 size-full\" srcset=\"https:\/\/dekabe.pl\/wp-content\/uploads\/2025\/08\/off1.jpg 500w, https:\/\/dekabe.pl\/wp-content\/uploads\/2025\/08\/off1-300x300.jpg 300w, https:\/\/dekabe.pl\/wp-content\/uploads\/2025\/08\/off1-150x150.jpg 150w\" sizes=\"auto, (max-width: 500px) 100vw, 500px\" \/><\/a><\/figure><div class=\"wp-block-media-text__content\">\n<p>Projektuj\u0105 kuchnie z charakterem tak, jak si\u0119 gotuje w dobrej kuchni: z sercem, smakiem i pod gust domownik\u00f3w. Off Concept to nie tylko meble \u2013 to styl \u017cycia w zabudowie! Cieszymy si\u0119, \u017ce wspieraj\u0105 nas w ekoFEST \u2013 bo z takim partnerem wszystko pasuje do siebie.<\/p>\n<\/div><\/div>\n\n\n\n<div class=\"wp-block-media-text is-stacked-on-mobile\" style=\"grid-template-columns:35% auto\"><figure class=\"wp-block-media-text__media\"><a href=\"https:\/\/rybnik.wsbinoz.pl\/\" target=\"_blank\" rel=\" noreferrer noopener\"><img loading=\"lazy\" decoding=\"async\" width=\"500\" height=\"500\" src=\"https:\/\/dekabe.pl\/wp-content\/uploads\/2025\/08\/wsbinoz1.jpg\" alt=\"\" class=\"wp-image-1111 size-full\" srcset=\"https:\/\/dekabe.pl\/wp-content\/uploads\/2025\/08\/wsbinoz1.jpg 500w, https:\/\/dekabe.pl\/wp-content\/uploads\/2025\/08\/wsbinoz1-300x300.jpg 300w, https:\/\/dekabe.pl\/wp-content\/uploads\/2025\/08\/wsbinoz1-150x150.jpg 150w\" sizes=\"auto, (max-width: 500px) 100vw, 500px\" \/><\/a><\/figure><div class=\"wp-block-media-text__content\">\n<p>Partner z edukacyjn\u0105 misj\u0105 i kryminologicznym zaci\u0119ciem. WSBINOZ pokazuje, \u017ce kultura i nauka maj\u0105 ze sob\u0105 wi\u0119cej wsp\u00f3lnego, ni\u017c si\u0119 wydaje \u2013 zw\u0142aszcza pod rozgwie\u017cd\u017conym niebem.<\/p>\n<\/div><\/div>\n\n\n\n<p><\/p>\n","protected":false},"excerpt":{"rendered":"<p>Za ka\u017cd\u0105 nasz\u0105 inicjatyw\u0105 stoj\u0105 osoby i instytucje, kt\u00f3re wierz\u0105 w moc kultury.Maj\u0105 g\u0142owy pe\u0142ne pomys\u0142\u00f3w, r\u0119ce gotowe do pracy i serce do tego, co robimy.Wspieraj\u0105, inspiruj\u0105, ogarniaj\u0105 \u201eczarn\u0105 robot\u0119\u201d i zawsze wiedz\u0105, co trzeba zrobi\u0107.Bez nich? Ani rusz. Dzi\u0119kujemy, \u017ce jeste\u015bcie z nami! \ud83d\udc9b Nasz sta\u0142y, niezawodny partner, przestrze\u0144 pe\u0142na pasji, otwarto\u015bci i kreatywno\u015b\u0107. Dzi\u0119ki #DKBoguszowice nasze dzia\u0142ania maj\u0105 [&hellip;]<\/p>\n","protected":false},"author":1,"featured_media":0,"parent":0,"menu_order":0,"comment_status":"closed","ping_status":"closed","template":"","meta":{"footnotes":""},"class_list":["post-848","page","type-page","status-publish","hentry"],"_links":{"self":[{"href":"https:\/\/dekabe.pl\/index.php\/wp-json\/wp\/v2\/pages\/848","targetHints":{"allow":["GET"]}}],"collection":[{"href":"https:\/\/dekabe.pl\/index.php\/wp-json\/wp\/v2\/pages"}],"about":[{"href":"https:\/\/dekabe.pl\/index.php\/wp-json\/wp\/v2\/types\/page"}],"author":[{"embeddable":true,"href":"https:\/\/dekabe.pl\/index.php\/wp-json\/wp\/v2\/users\/1"}],"replies":[{"embeddable":true,"href":"https:\/\/dekabe.pl\/index.php\/wp-json\/wp\/v2\/comments?post=848"}],"version-history":[{"count":32,"href":"https:\/\/dekabe.pl\/index.php\/wp-json\/wp\/v2\/pages\/848\/revisions"}],"predecessor-version":[{"id":1122,"href":"https:\/\/dekabe.pl\/index.php\/wp-json\/wp\/v2\/pages\/848\/revisions\/1122"}],"wp:attachment":[{"href":"https:\/\/dekabe.pl\/index.php\/wp-json\/wp\/v2\/media?parent=848"}],"curies":[{"name":"wp","href":"https:\/\/api.w.org\/{rel}","templated":true}]}}