{"id":842,"date":"2023-11-19T09:27:18","date_gmt":"2023-11-19T09:27:18","guid":{"rendered":"https:\/\/dekabe.pl\/?page_id=842"},"modified":"2025-07-05T17:57:02","modified_gmt":"2025-07-05T17:57:02","slug":"stowarzyszenie","status":"publish","type":"page","link":"https:\/\/dekabe.pl\/index.php\/stowarzyszenie\/","title":{"rendered":"Stowarzyszenie"},"content":{"rendered":"<p><span style=\"color: #ffcc00;\"><strong data-start=\"174\" data-end=\"199\">Stowarzyszenie DeKaBe<\/strong><br \/>\n<\/span>Grupa ludzi z pasj\u0105, kt\u00f3rzy wierz\u0105, \u017ce kultura ma moc zmieniania \u015bwiata.<\/p>\n<ul>\n<li>Organizujemy wydarzenia artystyczne i edukacyjne dla dzieci, doros\u0142ych i senior\u00f3w.<\/li>\n<li>Wspieramy lokalne inicjatywy, rozwijamy kreatywno\u015b\u0107, budujemy wsp\u00f3lnot\u0119 i promujemy zdrowy styl \u017cycia.<\/li>\n<li>Dzia\u0142amy spo\u0142ecznie, \u0142\u0105czymy pokolenia, s\u0142uchamy ludzi i dajemy im przestrze\u0144 do dzia\u0142ania \u2014 od pomys\u0142u po realizacj\u0119.<\/li>\n<\/ul>\n","protected":false},"excerpt":{"rendered":"<p>Stowarzyszenie DeKaBe Grupa ludzi z pasj\u0105, kt\u00f3rzy wierz\u0105, \u017ce kultura ma moc zmieniania \u015bwiata. Organizujemy wydarzenia artystyczne i edukacyjne dla dzieci, doros\u0142ych i senior\u00f3w. Wspieramy lokalne inicjatywy, rozwijamy kreatywno\u015b\u0107, budujemy wsp\u00f3lnot\u0119 i promujemy zdrowy styl \u017cycia. Dzia\u0142amy spo\u0142ecznie, \u0142\u0105czymy pokolenia, s\u0142uchamy ludzi i dajemy im przestrze\u0144 do dzia\u0142ania \u2014 od pomys\u0142u po realizacj\u0119.<\/p>\n","protected":false},"author":1,"featured_media":0,"parent":0,"menu_order":0,"comment_status":"closed","ping_status":"closed","template":"","meta":{"footnotes":""},"class_list":["post-842","page","type-page","status-publish","hentry"],"_links":{"self":[{"href":"https:\/\/dekabe.pl\/index.php\/wp-json\/wp\/v2\/pages\/842","targetHints":{"allow":["GET"]}}],"collection":[{"href":"https:\/\/dekabe.pl\/index.php\/wp-json\/wp\/v2\/pages"}],"about":[{"href":"https:\/\/dekabe.pl\/index.php\/wp-json\/wp\/v2\/types\/page"}],"author":[{"embeddable":true,"href":"https:\/\/dekabe.pl\/index.php\/wp-json\/wp\/v2\/users\/1"}],"replies":[{"embeddable":true,"href":"https:\/\/dekabe.pl\/index.php\/wp-json\/wp\/v2\/comments?post=842"}],"version-history":[{"count":4,"href":"https:\/\/dekabe.pl\/index.php\/wp-json\/wp\/v2\/pages\/842\/revisions"}],"predecessor-version":[{"id":967,"href":"https:\/\/dekabe.pl\/index.php\/wp-json\/wp\/v2\/pages\/842\/revisions\/967"}],"wp:attachment":[{"href":"https:\/\/dekabe.pl\/index.php\/wp-json\/wp\/v2\/media?parent=842"}],"curies":[{"name":"wp","href":"https:\/\/api.w.org\/{rel}","templated":true}]}}