{"id":790,"date":"2023-11-18T16:48:07","date_gmt":"2023-11-18T16:48:07","guid":{"rendered":"https:\/\/dekabe.pl\/?page_id=790"},"modified":"2025-07-06T16:15:14","modified_gmt":"2025-07-06T16:15:14","slug":"projekty","status":"publish","type":"page","link":"https:\/\/dekabe.pl\/index.php\/projekty\/","title":{"rendered":"Projekty"},"content":{"rendered":"<p><strong><br \/>DeKaBe &#8211; Kultura, relacje, lokalna energia \u2013 poznaj nasze dzia\u0142ania i pomys\u0142y!<\/strong><\/p>\n<p>Tworzymy projekty, kt\u00f3re \u0142\u0105cz\u0105 ludzi, tchn\u0105 \u017cycie w miejsk\u0105 przestrze\u0144 Rybnika i daj\u0105 dost\u0119p do kultury ka\u017cdemu. Dzia\u0142amy na rzecz kultury, sztuki, edukacji, promocji zdrowia oraz wspieramy aktywno\u015b\u0107 obywatelsk\u0105.<\/p>\n\n\n<p><\/p>\n","protected":false},"excerpt":{"rendered":"<p>DeKaBe &#8211; Kultura, relacje, lokalna energia \u2013 poznaj nasze dzia\u0142ania i pomys\u0142y! Tworzymy projekty, kt\u00f3re \u0142\u0105cz\u0105 ludzi, tchn\u0105 \u017cycie w miejsk\u0105 przestrze\u0144 Rybnika i daj\u0105 dost\u0119p do kultury ka\u017cdemu. Dzia\u0142amy na rzecz kultury, sztuki, edukacji, promocji zdrowia oraz wspieramy aktywno\u015b\u0107 obywatelsk\u0105.<\/p>\n","protected":false},"author":1,"featured_media":0,"parent":0,"menu_order":0,"comment_status":"closed","ping_status":"closed","template":"","meta":{"footnotes":""},"class_list":["post-790","page","type-page","status-publish","hentry"],"_links":{"self":[{"href":"https:\/\/dekabe.pl\/index.php\/wp-json\/wp\/v2\/pages\/790","targetHints":{"allow":["GET"]}}],"collection":[{"href":"https:\/\/dekabe.pl\/index.php\/wp-json\/wp\/v2\/pages"}],"about":[{"href":"https:\/\/dekabe.pl\/index.php\/wp-json\/wp\/v2\/types\/page"}],"author":[{"embeddable":true,"href":"https:\/\/dekabe.pl\/index.php\/wp-json\/wp\/v2\/users\/1"}],"replies":[{"embeddable":true,"href":"https:\/\/dekabe.pl\/index.php\/wp-json\/wp\/v2\/comments?post=790"}],"version-history":[{"count":6,"href":"https:\/\/dekabe.pl\/index.php\/wp-json\/wp\/v2\/pages\/790\/revisions"}],"predecessor-version":[{"id":996,"href":"https:\/\/dekabe.pl\/index.php\/wp-json\/wp\/v2\/pages\/790\/revisions\/996"}],"wp:attachment":[{"href":"https:\/\/dekabe.pl\/index.php\/wp-json\/wp\/v2\/media?parent=790"}],"curies":[{"name":"wp","href":"https:\/\/api.w.org\/{rel}","templated":true}]}}